{"id":67,"date":"2023-10-04T07:30:12","date_gmt":"2023-10-04T05:30:12","guid":{"rendered":"http:\/\/jirinovacek.com\/?page_id=67"},"modified":"2023-10-11T14:59:49","modified_gmt":"2023-10-11T12:59:49","slug":"benedictines-reditus","status":"publish","type":"page","link":"https:\/\/jirinovacek.com\/cs\/benedictines-reditus\/","title":{"rendered":"BENEDICTINES \u2013 REDITUS"},"content":{"rendered":"<h2 class=\"wp-block-heading\">Evaluation of the author\u2019s work by Jan Hlavat\u00fd:<\/h2>\n\n\n\n<p>After several years, professional photographer Ji\u0159\u00ed Nov\u00e1\u010dek returned to the Benedictine monastery in Rajhrad, one of the oldest residences of this order in the Czech-Moravian territory, in order to create a new photographic report and at the same time document this place.<\/p>\n\n\n\n<figure class=\"wp-block-gallery has-nested-images columns-default is-cropped wp-block-gallery-1 is-layout-flex wp-block-gallery-is-layout-flex\">\n<figure class=\"wp-block-image size-large\"><img loading=\"lazy\" decoding=\"async\" width=\"1024\" height=\"734\" data-id=\"59\" src=\"http:\/\/jirinovacek.com\/wp-content\/uploads\/2023\/10\/photo-1-1024x734.jpg\" alt=\"\" class=\"wp-image-59\" srcset=\"https:\/\/jirinovacek.com\/wp-content\/uploads\/2023\/10\/photo-1-1024x734.jpg 1024w, https:\/\/jirinovacek.com\/wp-content\/uploads\/2023\/10\/photo-1-300x215.jpg 300w, https:\/\/jirinovacek.com\/wp-content\/uploads\/2023\/10\/photo-1-768x550.jpg 768w, https:\/\/jirinovacek.com\/wp-content\/uploads\/2023\/10\/photo-1.jpg 1200w\" sizes=\"auto, (max-width: 1024px) 100vw, 1024px\" \/><\/figure>\n\n\n\n<figure class=\"wp-block-image size-large\"><img loading=\"lazy\" decoding=\"async\" width=\"1024\" height=\"734\" data-id=\"60\" src=\"http:\/\/jirinovacek.com\/wp-content\/uploads\/2023\/10\/photo-2-1024x734.jpg\" alt=\"\" class=\"wp-image-60\" srcset=\"https:\/\/jirinovacek.com\/wp-content\/uploads\/2023\/10\/photo-2-1024x734.jpg 1024w, https:\/\/jirinovacek.com\/wp-content\/uploads\/2023\/10\/photo-2-300x215.jpg 300w, https:\/\/jirinovacek.com\/wp-content\/uploads\/2023\/10\/photo-2-768x550.jpg 768w, https:\/\/jirinovacek.com\/wp-content\/uploads\/2023\/10\/photo-2.jpg 1200w\" sizes=\"auto, (max-width: 1024px) 100vw, 1024px\" \/><\/figure>\n<\/figure>\n\n\n\n<p>In contrast to the previous collection, Ji\u0159\u00ed Nov\u00e1\u010dek chose the presentation of large-format photographs and used a color solution in the visual aspect, but very sparingly chosen in a darker scale.<\/p>\n\n\n\n<p><a href=\"http:\/\/jirinovacek.com\/wp-content\/uploads\/2023\/07\/NWJ1007.jpg\" data-lbwps-width=\"1200\" data-lbwps-height=\"857\" data-lbwps-srcsmall=\"http:\/\/jirinovacek.com\/wp-content\/uploads\/2023\/07\/NWJ1007.jpg\"><\/a><\/p>\n\n\n\n<figure class=\"wp-block-gallery has-nested-images columns-default is-cropped wp-block-gallery-2 is-layout-flex wp-block-gallery-is-layout-flex\">\n<figure class=\"wp-block-image size-large\"><img loading=\"lazy\" decoding=\"async\" width=\"1024\" height=\"734\" data-id=\"61\" src=\"http:\/\/jirinovacek.com\/wp-content\/uploads\/2023\/10\/photo-3-1024x734.jpg\" alt=\"\" class=\"wp-image-61\" srcset=\"https:\/\/jirinovacek.com\/wp-content\/uploads\/2023\/10\/photo-3-1024x734.jpg 1024w, https:\/\/jirinovacek.com\/wp-content\/uploads\/2023\/10\/photo-3-300x215.jpg 300w, https:\/\/jirinovacek.com\/wp-content\/uploads\/2023\/10\/photo-3-768x550.jpg 768w, https:\/\/jirinovacek.com\/wp-content\/uploads\/2023\/10\/photo-3.jpg 1200w\" sizes=\"auto, (max-width: 1024px) 100vw, 1024px\" \/><\/figure>\n<\/figure>\n\n\n\n<p>The currently presented photographic collection documents the beauty and vastness of the Rajhrad monastery, equipped with impressive frescoes and a large library.<\/p>\n\n\n\n<figure class=\"wp-block-gallery has-nested-images columns-default is-cropped wp-block-gallery-3 is-layout-flex wp-block-gallery-is-layout-flex\">\n<figure class=\"wp-block-image size-large\"><img loading=\"lazy\" decoding=\"async\" width=\"749\" height=\"1024\" data-id=\"62\" src=\"http:\/\/jirinovacek.com\/wp-content\/uploads\/2023\/10\/photo-4-749x1024.jpg\" alt=\"\" class=\"wp-image-62\" srcset=\"https:\/\/jirinovacek.com\/wp-content\/uploads\/2023\/10\/photo-4-749x1024.jpg 749w, https:\/\/jirinovacek.com\/wp-content\/uploads\/2023\/10\/photo-4-220x300.jpg 220w, https:\/\/jirinovacek.com\/wp-content\/uploads\/2023\/10\/photo-4-768x1050.jpg 768w, https:\/\/jirinovacek.com\/wp-content\/uploads\/2023\/10\/photo-4.jpg 859w\" sizes=\"auto, (max-width: 749px) 100vw, 749px\" \/><\/figure>\n<\/figure>\n\n\n\n<p>The currently presented photographic collection documents the beauty and vastness of the Rajhrad monastery, equipped with impressive frescoes and a large library.<\/p>\n\n\n\n<figure class=\"wp-block-gallery has-nested-images columns-default is-cropped wp-block-gallery-4 is-layout-flex wp-block-gallery-is-layout-flex\">\n<figure class=\"wp-block-image size-large\"><img loading=\"lazy\" decoding=\"async\" width=\"1024\" height=\"734\" data-id=\"63\" src=\"http:\/\/jirinovacek.com\/wp-content\/uploads\/2023\/10\/photo-5-1024x734.jpg\" alt=\"\" class=\"wp-image-63\" srcset=\"https:\/\/jirinovacek.com\/wp-content\/uploads\/2023\/10\/photo-5-1024x734.jpg 1024w, https:\/\/jirinovacek.com\/wp-content\/uploads\/2023\/10\/photo-5-300x215.jpg 300w, https:\/\/jirinovacek.com\/wp-content\/uploads\/2023\/10\/photo-5-768x550.jpg 768w, https:\/\/jirinovacek.com\/wp-content\/uploads\/2023\/10\/photo-5.jpg 1200w\" sizes=\"auto, (max-width: 1024px) 100vw, 1024px\" \/><\/figure>\n\n\n\n<figure class=\"wp-block-image size-large\"><img loading=\"lazy\" decoding=\"async\" width=\"1024\" height=\"734\" data-id=\"64\" src=\"http:\/\/jirinovacek.com\/wp-content\/uploads\/2023\/10\/photo-6-1024x734.jpg\" alt=\"\" class=\"wp-image-64\" srcset=\"https:\/\/jirinovacek.com\/wp-content\/uploads\/2023\/10\/photo-6-1024x734.jpg 1024w, https:\/\/jirinovacek.com\/wp-content\/uploads\/2023\/10\/photo-6-300x215.jpg 300w, https:\/\/jirinovacek.com\/wp-content\/uploads\/2023\/10\/photo-6-768x550.jpg 768w, https:\/\/jirinovacek.com\/wp-content\/uploads\/2023\/10\/photo-6.jpg 1200w\" sizes=\"auto, (max-width: 1024px) 100vw, 1024px\" \/><\/figure>\n<\/figure>\n\n\n\n<p>From the documentary, on the faces of the inhabitants of the monastery, on the one hand, you can see an expression of personal happiness, on the other hand, a certain nostalgia and a partial detachment from ordinary life.<\/p>\n\n\n\n<figure class=\"wp-block-gallery has-nested-images columns-default is-cropped wp-block-gallery-5 is-layout-flex wp-block-gallery-is-layout-flex\">\n<figure class=\"wp-block-image size-large\"><img loading=\"lazy\" decoding=\"async\" width=\"1024\" height=\"734\" data-id=\"65\" src=\"http:\/\/jirinovacek.com\/wp-content\/uploads\/2023\/10\/photo-7-1024x734.jpg\" alt=\"\" class=\"wp-image-65\" srcset=\"https:\/\/jirinovacek.com\/wp-content\/uploads\/2023\/10\/photo-7-1024x734.jpg 1024w, https:\/\/jirinovacek.com\/wp-content\/uploads\/2023\/10\/photo-7-300x215.jpg 300w, https:\/\/jirinovacek.com\/wp-content\/uploads\/2023\/10\/photo-7-768x550.jpg 768w, https:\/\/jirinovacek.com\/wp-content\/uploads\/2023\/10\/photo-7.jpg 1200w\" sizes=\"auto, (max-width: 1024px) 100vw, 1024px\" \/><\/figure>\n<\/figure>","protected":false},"excerpt":{"rendered":"<p>Evaluation of the author\u2019s work by Jan Hlavat\u00fd: After several years, professional photographer Ji\u0159\u00ed Nov\u00e1\u010dek returned to the Benedictine monastery in Rajhrad, one of the oldest residences of this order [&hellip;]<\/p>","protected":false},"author":2,"featured_media":1661,"parent":0,"menu_order":0,"comment_status":"closed","ping_status":"closed","template":"","meta":{"footnotes":""},"folder":[],"class_list":["post-67","page","type-page","status-publish","has-post-thumbnail","hentry","entry"],"_links":{"self":[{"href":"https:\/\/jirinovacek.com\/cs\/wp-json\/wp\/v2\/pages\/67","targetHints":{"allow":["GET"]}}],"collection":[{"href":"https:\/\/jirinovacek.com\/cs\/wp-json\/wp\/v2\/pages"}],"about":[{"href":"https:\/\/jirinovacek.com\/cs\/wp-json\/wp\/v2\/types\/page"}],"author":[{"embeddable":true,"href":"https:\/\/jirinovacek.com\/cs\/wp-json\/wp\/v2\/users\/2"}],"replies":[{"embeddable":true,"href":"https:\/\/jirinovacek.com\/cs\/wp-json\/wp\/v2\/comments?post=67"}],"version-history":[{"count":2,"href":"https:\/\/jirinovacek.com\/cs\/wp-json\/wp\/v2\/pages\/67\/revisions"}],"predecessor-version":[{"id":2499,"href":"https:\/\/jirinovacek.com\/cs\/wp-json\/wp\/v2\/pages\/67\/revisions\/2499"}],"wp:featuredmedia":[{"embeddable":true,"href":"https:\/\/jirinovacek.com\/cs\/wp-json\/wp\/v2\/media\/1661"}],"wp:attachment":[{"href":"https:\/\/jirinovacek.com\/cs\/wp-json\/wp\/v2\/media?parent=67"}],"wp:term":[{"taxonomy":"folder","embeddable":true,"href":"https:\/\/jirinovacek.com\/cs\/wp-json\/wp\/v2\/folder?post=67"}],"curies":[{"name":"wp","href":"https:\/\/api.w.org\/{rel}","templated":true}]}}